{"id":214,"date":"2011-03-01T14:09:11","date_gmt":"2011-03-01T14:09:11","guid":{"rendered":"http:\/\/allegro.musicamorfosi.it\/2011\/"},"modified":"2016-02-24T15:27:20","modified_gmt":"2016-02-24T14:27:20","slug":"allegro","status":"publish","type":"page","link":"https:\/\/www.musicamorfosi.it\/allegro2011\/allegro\/","title":{"rendered":"Allegro"},"content":{"rendered":"<p>\u201cEducare i nostri bambini a cantare o suonare insieme \u00e8 insegnare loro a vivere nella societ\u00e0\u201d affermava Riccardo Muti in un\u2019intervista al Corriere della Sera del gennaio 1997. Tutta la nostra comunit\u00e0 ha bisogno di pi\u00f9 musica, di pi\u00f9 occasioni informali per radunarsi e stare insieme nel fare, perch\u00e9 suonare e cantare insieme \u00e8 una metafora e una lezione di vita. In Africa \u00e8 cos\u00ec: la musica accompagna e commenta ogni episodio della vita, non \u00e8 sottofondo, \u00e8 sostanza, scambio, momento di catarsi collettiva di gioie e preoccupazioni.<\/p>\n<p><strong>Allegro<\/strong> \u00e8 un format, una sorta di contenitore a sua volta suddiviso in quattro ambiti che figurano quattro spazi di <strong>crescita collettiva<\/strong>: <strong>Cantando<\/strong>, <strong>Crescendo, Ridendo<\/strong>, <strong>Suonando<\/strong>.<\/p>\n<p>\u201cAllegro nasce piangendo, dal ricordo e dal desiderio di ricordare le opere e la generosit\u00e0 di un uomo, Vittorio Beretta, che non \u00e8 un eroe ma, come riporta la dedica dell\u2019Aula Magna della Scuola Costa, \u00e8 stato un Genitore, un genitore A.ge (\u201cio sono A.ge\u201d diceva con orgoglio), cio\u00e8 un genitore in associazione\u201d.<\/p>\n","protected":false},"excerpt":{"rendered":"<p>\u201cEducare i nostri bambini a cantare o suonare insieme \u00e8 insegnare loro a vivere nella societ\u00e0\u201d affermava Riccardo Muti in un\u2019intervista al Corriere della Sera del gennaio 1997. Tutta la nostra comunit\u00e0 ha bisogno di pi\u00f9 musica, di pi\u00f9 occasioni informali per radunarsi e stare insieme nel fare, perch\u00e9 suonare e cantare insieme \u00e8 una&#8230;  <a class=\"excerpt-read-more\" href=\"https:\/\/www.musicamorfosi.it\/allegro2011\/allegro\/\" title=\"Read Allegro\">Leggi tutto &raquo;<\/a><\/p>\n","protected":false},"author":1,"featured_media":0,"parent":0,"menu_order":0,"comment_status":"closed","ping_status":"closed","template":"","meta":[],"yoast_head":"<!-- This site is optimized with the Yoast SEO plugin v15.2.1 - https:\/\/yoast.com\/wordpress\/plugins\/seo\/ -->\n<meta name=\"robots\" content=\"index, follow, max-snippet:-1, max-image-preview:large, max-video-preview:-1\" \/>\n<link rel=\"canonical\" href=\"https:\/\/www.musicamorfosi.it\/allegro2011\/allegro\/\" \/>\n<meta property=\"og:locale\" content=\"it_IT\" \/>\n<meta property=\"og:type\" content=\"article\" \/>\n<meta property=\"og:title\" content=\"Allegro - Allegro 2011\" \/>\n<meta property=\"og:description\" content=\"\u201cEducare i nostri bambini a cantare o suonare insieme \u00e8 insegnare loro a vivere nella societ\u00e0\u201d affermava Riccardo Muti in un\u2019intervista al Corriere della Sera del gennaio 1997. Tutta la nostra comunit\u00e0 ha bisogno di pi\u00f9 musica, di pi\u00f9 occasioni informali per radunarsi e stare insieme nel fare, perch\u00e9 suonare e cantare insieme \u00e8 una... Leggi tutto &raquo;\" \/>\n<meta property=\"og:url\" content=\"https:\/\/www.musicamorfosi.it\/allegro2011\/allegro\/\" \/>\n<meta property=\"og:site_name\" content=\"Allegro 2011\" \/>\n<meta property=\"article:modified_time\" content=\"2016-02-24T14:27:20+00:00\" \/>\n<meta name=\"twitter:card\" content=\"summary\" \/>\n<meta name=\"twitter:label1\" content=\"Scritto da\">\n\t<meta name=\"twitter:data1\" content=\"MusicamorfosiAdmin\">\n\t<meta name=\"twitter:label2\" content=\"Tempo di lettura stimato\">\n\t<meta name=\"twitter:data2\" content=\"1 minuto\">\n<script type=\"application\/ld+json\" class=\"yoast-schema-graph\">{\"@context\":\"https:\/\/schema.org\",\"@graph\":[{\"@type\":\"WebSite\",\"@id\":\"https:\/\/www.musicamorfosi.it\/allegro2011\/#website\",\"url\":\"https:\/\/www.musicamorfosi.it\/allegro2011\/\",\"name\":\"Allegro 2011\",\"description\":\"Musicamorfosi\",\"potentialAction\":[{\"@type\":\"SearchAction\",\"target\":\"https:\/\/www.musicamorfosi.it\/allegro2011\/?s={search_term_string}\",\"query-input\":\"required name=search_term_string\"}],\"inLanguage\":\"it-IT\"},{\"@type\":\"WebPage\",\"@id\":\"https:\/\/www.musicamorfosi.it\/allegro2011\/allegro\/#webpage\",\"url\":\"https:\/\/www.musicamorfosi.it\/allegro2011\/allegro\/\",\"name\":\"Allegro - Allegro 2011\",\"isPartOf\":{\"@id\":\"https:\/\/www.musicamorfosi.it\/allegro2011\/#website\"},\"datePublished\":\"2011-03-01T14:09:11+00:00\",\"dateModified\":\"2016-02-24T14:27:20+00:00\",\"inLanguage\":\"it-IT\",\"potentialAction\":[{\"@type\":\"ReadAction\",\"target\":[\"https:\/\/www.musicamorfosi.it\/allegro2011\/allegro\/\"]}]}]}<\/script>\n<!-- \/ Yoast SEO plugin. -->","_links":{"self":[{"href":"https:\/\/www.musicamorfosi.it\/allegro2011\/wp-json\/wp\/v2\/pages\/214"}],"collection":[{"href":"https:\/\/www.musicamorfosi.it\/allegro2011\/wp-json\/wp\/v2\/pages"}],"about":[{"href":"https:\/\/www.musicamorfosi.it\/allegro2011\/wp-json\/wp\/v2\/types\/page"}],"author":[{"embeddable":true,"href":"https:\/\/www.musicamorfosi.it\/allegro2011\/wp-json\/wp\/v2\/users\/1"}],"replies":[{"embeddable":true,"href":"https:\/\/www.musicamorfosi.it\/allegro2011\/wp-json\/wp\/v2\/comments?post=214"}],"version-history":[{"count":1,"href":"https:\/\/www.musicamorfosi.it\/allegro2011\/wp-json\/wp\/v2\/pages\/214\/revisions"}],"predecessor-version":[{"id":625,"href":"https:\/\/www.musicamorfosi.it\/allegro2011\/wp-json\/wp\/v2\/pages\/214\/revisions\/625"}],"wp:attachment":[{"href":"https:\/\/www.musicamorfosi.it\/allegro2011\/wp-json\/wp\/v2\/media?parent=214"}],"curies":[{"name":"wp","href":"https:\/\/api.w.org\/{rel}","templated":true}]}}