{"id":160,"date":"2012-06-29T21:07:08","date_gmt":"2012-06-29T21:07:08","guid":{"rendered":"http:\/\/www.musicamorfosi.it\/allegro2013\/allegro\/"},"modified":"2016-02-19T16:54:32","modified_gmt":"2016-02-19T15:54:32","slug":"allegro","status":"publish","type":"page","link":"https:\/\/www.musicamorfosi.it\/allegro2013\/allegro\/","title":{"rendered":"Allegro 2013"},"content":{"rendered":"<address style=\"padding-left: 30px\"><em>\u201c<em><em><\/em><\/em><em>And now we rise &#8211; And we are everywhere &#8211; And now we rise from the ground&#8221;<br \/>\n<strong>Nick Drake<\/strong><\/em><\/em><\/address>\n<address style=\"padding-left: 30px\"><em><strong><br \/>\n<\/strong><\/em><\/address>\n<p><strong><\/strong>Percorsi musicali nelle scuole, un nuovo percorso corale denominato ExtraCoro, una festa al CTP con bambini e adulti, italini e stranieri, due spettacoli da ridere e da gustare con la partecipazione attiva degli studenti delle scuole elementari della citt\u00e0, un concerto nel Santuario pi\u00f9 antico di Cinisello. Anche quest&#8217;anno torna Allegro, musica e relazioni che si snodano nella citt\u00e0 di Cinisello a partire dall\u2019Aula Magna dell\u2019Istituto Costa intitolata a Vittorio Beretta, un genitore che si \u00e8 speso nella Scuola e nella sua Citt\u00e0 perch\u00e9 l\u2019avventura dell\u2019educazione dei giovani fosse uno dei pilastri del vivere in societ\u00e0 e affinch\u00e8 l\u2019esperienza stimolante e avvincente dell\u2019educazione delle nuove generazioni realizzasse i pi\u00f9 alti obiettivi del vivere in una Comunit\u00e0.<\/p>\n","protected":false},"excerpt":{"rendered":"<p>\u201cAnd now we rise &#8211; And we are everywhere &#8211; And now we rise from the ground&#8221; Nick Drake Percorsi musicali nelle scuole, un nuovo percorso corale denominato ExtraCoro, una festa al CTP con bambini e adulti, italini e stranieri, due spettacoli da ridere e da gustare con la partecipazione attiva degli studenti delle scuole&#8230;  <a class=\"excerpt-read-more\" href=\"https:\/\/www.musicamorfosi.it\/allegro2013\/allegro\/\" title=\"Read Allegro 2013\">Leggi tutto &raquo;<\/a><\/p>\n","protected":false},"author":1,"featured_media":0,"parent":0,"menu_order":1,"comment_status":"closed","ping_status":"open","template":"","meta":[],"yoast_head":"<!-- This site is optimized with the Yoast SEO plugin v15.2.1 - https:\/\/yoast.com\/wordpress\/plugins\/seo\/ -->\n<meta name=\"robots\" content=\"index, follow, max-snippet:-1, max-image-preview:large, max-video-preview:-1\" \/>\n<link rel=\"canonical\" href=\"https:\/\/www.musicamorfosi.it\/allegro2013\/allegro\/\" \/>\n<meta property=\"og:locale\" content=\"it_IT\" \/>\n<meta property=\"og:type\" content=\"article\" \/>\n<meta property=\"og:title\" content=\"Allegro 2013 - Allegro 2013\" \/>\n<meta property=\"og:description\" content=\"\u201cAnd now we rise &#8211; And we are everywhere &#8211; And now we rise from the ground&#8221; Nick Drake Percorsi musicali nelle scuole, un nuovo percorso corale denominato ExtraCoro, una festa al CTP con bambini e adulti, italini e stranieri, due spettacoli da ridere e da gustare con la partecipazione attiva degli studenti delle scuole... Leggi tutto &raquo;\" \/>\n<meta property=\"og:url\" content=\"https:\/\/www.musicamorfosi.it\/allegro2013\/allegro\/\" \/>\n<meta property=\"og:site_name\" content=\"Allegro 2013\" \/>\n<meta property=\"article:modified_time\" content=\"2016-02-19T15:54:32+00:00\" \/>\n<meta name=\"twitter:card\" content=\"summary\" \/>\n<meta name=\"twitter:label1\" content=\"Scritto da\">\n\t<meta name=\"twitter:data1\" content=\"MusicamorfosiAdmin\">\n\t<meta name=\"twitter:label2\" content=\"Tempo di lettura stimato\">\n\t<meta name=\"twitter:data2\" content=\"1 minuto\">\n<script type=\"application\/ld+json\" class=\"yoast-schema-graph\">{\"@context\":\"https:\/\/schema.org\",\"@graph\":[{\"@type\":\"WebSite\",\"@id\":\"https:\/\/www.musicamorfosi.it\/allegro2013\/#website\",\"url\":\"https:\/\/www.musicamorfosi.it\/allegro2013\/\",\"name\":\"Allegro 2013\",\"description\":\"di musicamorfosi\",\"potentialAction\":[{\"@type\":\"SearchAction\",\"target\":\"https:\/\/www.musicamorfosi.it\/allegro2013\/?s={search_term_string}\",\"query-input\":\"required name=search_term_string\"}],\"inLanguage\":\"it-IT\"},{\"@type\":\"WebPage\",\"@id\":\"https:\/\/www.musicamorfosi.it\/allegro2013\/allegro\/#webpage\",\"url\":\"https:\/\/www.musicamorfosi.it\/allegro2013\/allegro\/\",\"name\":\"Allegro 2013 - Allegro 2013\",\"isPartOf\":{\"@id\":\"https:\/\/www.musicamorfosi.it\/allegro2013\/#website\"},\"datePublished\":\"2012-06-29T21:07:08+00:00\",\"dateModified\":\"2016-02-19T15:54:32+00:00\",\"inLanguage\":\"it-IT\",\"potentialAction\":[{\"@type\":\"ReadAction\",\"target\":[\"https:\/\/www.musicamorfosi.it\/allegro2013\/allegro\/\"]}]}]}<\/script>\n<!-- \/ Yoast SEO plugin. -->","_links":{"self":[{"href":"https:\/\/www.musicamorfosi.it\/allegro2013\/wp-json\/wp\/v2\/pages\/160"}],"collection":[{"href":"https:\/\/www.musicamorfosi.it\/allegro2013\/wp-json\/wp\/v2\/pages"}],"about":[{"href":"https:\/\/www.musicamorfosi.it\/allegro2013\/wp-json\/wp\/v2\/types\/page"}],"author":[{"embeddable":true,"href":"https:\/\/www.musicamorfosi.it\/allegro2013\/wp-json\/wp\/v2\/users\/1"}],"replies":[{"embeddable":true,"href":"https:\/\/www.musicamorfosi.it\/allegro2013\/wp-json\/wp\/v2\/comments?post=160"}],"version-history":[{"count":1,"href":"https:\/\/www.musicamorfosi.it\/allegro2013\/wp-json\/wp\/v2\/pages\/160\/revisions"}],"predecessor-version":[{"id":301,"href":"https:\/\/www.musicamorfosi.it\/allegro2013\/wp-json\/wp\/v2\/pages\/160\/revisions\/301"}],"wp:attachment":[{"href":"https:\/\/www.musicamorfosi.it\/allegro2013\/wp-json\/wp\/v2\/media?parent=160"}],"curies":[{"name":"wp","href":"https:\/\/api.w.org\/{rel}","templated":true}]}}